{"id":88583,"date":"2021-03-18T14:14:53","date_gmt":"2021-03-18T13:14:53","guid":{"rendered":"https:\/\/undsgn.com\/uncode\/?page_id=88583"},"modified":"2022-01-03T20:53:16","modified_gmt":"2022-01-03T20:53:16","slug":"what-we-do","status":"publish","type":"page","link":"https:\/\/facetprecision.com\/de\/what-we-do\/","title":{"rendered":"WAS WIR MACHEN"},"content":{"rendered":"<div data-parent=\"true\" class=\"vc_row style-color-wayh-bg row-container\" id=\"row-unique-0\"><div class=\"row-background background-element\">\n\t\t\t\t\t\t\t\t\t\t\t<div class=\"background-wrapper\">\n\t\t\t\t\t\t\t\t\t\t\t\t<div class=\"background-inner\" style=\"background-image: url(https:\/\/facetprecision.com\/wp-content\/uploads\/2021\/10\/what-we-do-tools.jpg);background-repeat: no-repeat;background-position: center center;background-attachment: scroll;background-size: cover;\"><\/div>\n\t\t\t\t\t\t\t\t\t\t\t\t<div class=\"block-bg-overlay style-color-wayh-bg\" style=\"opacity: 0.35;\"><\/div>\n\t\t\t\t\t\t\t\t\t\t\t<\/div>\n\t\t\t\t\t\t\t\t\t\t<\/div><div class=\"row limit-width row-parent\" data-height-ratio=\"75\"><div class=\"wpb_row row-inner\"><div class=\"wpb_column pos-middle pos-center align_center column_parent col-lg-12 half-internal-gutter\"><div class=\"uncol style-dark\"  ><div class=\"uncoltable\"><div class=\"uncell\" ><div class=\"uncont no-block-padding col-custom-width\" style=\"max-width:900px;\"><div class=\"vc_custom_heading_wrap\"><div class=\"heading-text el-text\" ><h1 class=\"font-242632 text-uppercase\" ><span><span style=\"font-size: 68px;\">WAS WIR MACHEN<\/span><\/span><\/h1><\/div><div class=\"clear\"><\/div><\/div><div class=\"empty-space empty-single\" ><span class=\"empty-space-inner\"><\/span><\/div>\n<\/div><\/div><\/div><\/div><\/div><script id=\"script-row-unique-0\" data-row=\"script-row-unique-0\" type=\"text\/javascript\" class=\"vc_controls\">UNCODE.initRow(document.getElementById(\"row-unique-0\"));<\/script><\/div><\/div><\/div><div data-parent=\"true\" class=\"vc_row style-color-210407-bg row-container\" id=\"row-unique-1\"><div class=\"row unequal col-double-gutter quad-top-padding quad-bottom-padding single-h-padding limit-width row-parent\"><div class=\"wpb_row row-inner\"><div class=\"wpb_column pos-middle pos-center align_left column_parent col-lg-6 single-internal-gutter\"><div class=\"uncol style-dark\"  ><div class=\"uncoltable\"><div class=\"uncell no-block-padding\" ><div class=\"uncont\"><div class=\"owl-carousel-wrapper carousel-overflow-visible\">\n\t\t<div class=\"owl-carousel-container owl-carousel-loading double-gutter\">\n\t\t\t\t\t\t<div id=\"gallery-35715967889\" class=\"owl-carousel owl-element owl-height-auto owl-dots-outside owl-dots-single-block-padding owl-dots-align-left\" data-loop=\"true\" data-dots=\"true\" data-dotsmobile=\"true\" data-navmobile=\"false\" data-navspeed=\"400\" data-autoplay=\"true\" data-timeout=\"3000\" data-stagepadding=\"0\" data-lg=\"1\" data-md=\"1\" data-sm=\"1\">\n<div class=\"tmb tmb-carousel tmb-iso-h4 tmb-light tmb-overlay-middle tmb-overlay-text-left tmb-id-101021  tmb-img-ratio tmb-media-first tmb-media-last tmb-content-overlay tmb-no-bg\" >\n\t\t\t\t\t\t<div class=\"t-inside\" ><div class=\"t-entry-visual\"><div class=\"t-entry-visual-tc\"><div class=\"t-entry-visual-cont\"><div class=\"dummy\" style=\"padding-top: 66.7%;\"><\/div><a tabindex=\"-1\" href=\"#\" class=\"inactive-link pushed\" data-lb-index=\"0\"><div class=\"t-entry-visual-overlay\"><div class=\"t-entry-visual-overlay-in style-dark-bg\" style=\"opacity: 0.5;\"><\/div><\/div>\n\t\t\t\t\t\t\t\t\t<div class=\"t-overlay-wrap\">\n\t\t\t\t\t\t\t\t\t\t<div class=\"t-overlay-inner\">\n\t\t\t\t\t\t\t\t\t\t\t<div class=\"t-overlay-content\">\n\t\t\t\t\t\t\t\t\t\t\t\t<div class=\"t-overlay-text single-block-padding\"><\/div><\/div><\/div><\/div><img decoding=\"async\" class=\"wp-image-101021\" src=\"https:\/\/facetprecision.com\/wp-content\/uploads\/2021\/10\/PCD-Shank-tools.jpg\" width=\"1500\" height=\"1001\" alt=\"\" srcset=\"https:\/\/facetprecision.com\/wp-content\/uploads\/2021\/10\/PCD-Shank-tools.jpg 1500w, https:\/\/facetprecision.com\/wp-content\/uploads\/2021\/10\/PCD-Shank-tools-18x12.jpg 18w, https:\/\/facetprecision.com\/wp-content\/uploads\/2021\/10\/PCD-Shank-tools-300x200.jpg 300w, https:\/\/facetprecision.com\/wp-content\/uploads\/2021\/10\/PCD-Shank-tools-768x513.jpg 768w, https:\/\/facetprecision.com\/wp-content\/uploads\/2021\/10\/PCD-Shank-tools-1024x683.jpg 1024w\" sizes=\"(max-width: 1500px) 100vw, 1500px\" \/><\/a><\/div>\n\t\t\t\t<\/div>\n\t\t\t<\/div><\/div>\n\t\t\t\t\t<\/div><div class=\"tmb tmb-carousel tmb-iso-h4 tmb-light tmb-overlay-middle tmb-overlay-text-left tmb-id-101027  tmb-img-ratio tmb-media-first tmb-media-last tmb-content-overlay tmb-no-bg\" >\n\t\t\t\t\t\t<div class=\"t-inside\" ><div class=\"t-entry-visual\"><div class=\"t-entry-visual-tc\"><div class=\"t-entry-visual-cont\"><div class=\"dummy\" style=\"padding-top: 66.7%;\"><\/div><a tabindex=\"-1\" href=\"#\" class=\"inactive-link pushed\" data-lb-index=\"1\"><div class=\"t-entry-visual-overlay\"><div class=\"t-entry-visual-overlay-in style-dark-bg\" style=\"opacity: 0.5;\"><\/div><\/div>\n\t\t\t\t\t\t\t\t\t<div class=\"t-overlay-wrap\">\n\t\t\t\t\t\t\t\t\t\t<div class=\"t-overlay-inner\">\n\t\t\t\t\t\t\t\t\t\t\t<div class=\"t-overlay-content\">\n\t\t\t\t\t\t\t\t\t\t\t\t<div class=\"t-overlay-text single-block-padding\"><\/div><\/div><\/div><\/div><img decoding=\"async\" class=\"wp-image-101027\" src=\"https:\/\/facetprecision.com\/wp-content\/uploads\/2021\/10\/PCD-Reamer-1-uai-1920x1280.jpg\" width=\"1920\" height=\"1280\" alt=\"\" \/><\/a><\/div>\n\t\t\t\t<\/div>\n\t\t\t<\/div><\/div>\n\t\t\t\t\t<\/div><div class=\"tmb tmb-carousel tmb-iso-h4 tmb-light tmb-overlay-middle tmb-overlay-text-left tmb-id-101073  tmb-img-ratio tmb-media-first tmb-media-last tmb-content-overlay tmb-no-bg\" >\n\t\t\t\t\t\t<div class=\"t-inside\" ><div class=\"t-entry-visual\"><div class=\"t-entry-visual-tc\"><div class=\"t-entry-visual-cont\"><div class=\"dummy\" style=\"padding-top: 66.7%;\"><\/div><a tabindex=\"-1\" href=\"#\" class=\"inactive-link pushed\" data-lb-index=\"2\"><div class=\"t-entry-visual-overlay\"><div class=\"t-entry-visual-overlay-in style-dark-bg\" style=\"opacity: 0.5;\"><\/div><\/div>\n\t\t\t\t\t\t\t\t\t<div class=\"t-overlay-wrap\">\n\t\t\t\t\t\t\t\t\t\t<div class=\"t-overlay-inner\">\n\t\t\t\t\t\t\t\t\t\t\t<div class=\"t-overlay-content\">\n\t\t\t\t\t\t\t\t\t\t\t\t<div class=\"t-overlay-text single-block-padding\"><\/div><\/div><\/div><\/div><img decoding=\"async\" class=\"wp-image-101073\" src=\"https:\/\/facetprecision.com\/wp-content\/uploads\/2021\/10\/pkd-senker-nietsenker-cfk-microstop-pcd-rivit-countersink-uai-1620x1080.jpg\" width=\"1620\" height=\"1080\" alt=\"\" \/><\/a><\/div>\n\t\t\t\t<\/div>\n\t\t\t<\/div><\/div>\n\t\t\t\t\t<\/div><div class=\"tmb tmb-carousel tmb-iso-h4 tmb-light tmb-overlay-middle tmb-overlay-text-left tmb-id-101087  tmb-img-ratio tmb-media-first tmb-media-last tmb-content-overlay tmb-no-bg\" >\n\t\t\t\t\t\t<div class=\"t-inside\" ><div class=\"t-entry-visual\"><div class=\"t-entry-visual-tc\"><div class=\"t-entry-visual-cont\"><div class=\"dummy\" style=\"padding-top: 66.6%;\"><\/div><a tabindex=\"-1\" href=\"#\" class=\"inactive-link pushed\" data-lb-index=\"3\"><div class=\"t-entry-visual-overlay\"><div class=\"t-entry-visual-overlay-in style-dark-bg\" style=\"opacity: 0.5;\"><\/div><\/div>\n\t\t\t\t\t\t\t\t\t<div class=\"t-overlay-wrap\">\n\t\t\t\t\t\t\t\t\t\t<div class=\"t-overlay-inner\">\n\t\t\t\t\t\t\t\t\t\t\t<div class=\"t-overlay-content\">\n\t\t\t\t\t\t\t\t\t\t\t\t<div class=\"t-overlay-text single-block-padding\"><\/div><\/div><\/div><\/div><img decoding=\"async\" class=\"wp-image-101087\" src=\"https:\/\/facetprecision.com\/wp-content\/uploads\/2021\/10\/facet-vein-drill-crop-uai-2500x1666.jpg\" width=\"2500\" height=\"1666\" alt=\"\" \/><\/a><\/div>\n\t\t\t\t<\/div>\n\t\t\t<\/div><\/div>\n\t\t\t\t\t<\/div>\t\t\t\t\t\t<\/div>\n\t\t\t\t\t<\/div>\n\n\t\n<\/div>\n<\/div><\/div><\/div><\/div><\/div><div class=\"wpb_column pos-middle pos-left align_left column_parent col-lg-6 half-internal-gutter z_index_2\"><div class=\"uncol style-light\"  ><div class=\"uncoltable\"><div class=\"uncell double-block-padding style-color-xsdn-bg unshadow-sm unradius-xs\" ><div class=\"uncont\"><div class=\"vc_custom_heading_wrap\"><div class=\"heading-text el-text\" ><h2 class=\"font-242632 text-uppercase\" ><span>WIR VERWENDEN MODERNSTE PROZESSE, UM DIE BESTEN PKD-WERKZEUGL\u00d6SUNGEN ZU ENTWICKELN<\/span><\/h2><\/div><div class=\"clear\"><\/div><\/div><div class=\"uncode_text_column\" ><p>FACET Precision Tool GmbH entwickelt, fertigt, repariert und schleift ma\u00dfgefertigte PKD-, diamantbeschichtete und Hartmetallwerkzeuge nach, um die Produktivit\u00e4t kundenspezifischer Bearbeitungsprozesse zu erh\u00f6hen, die Prozessleistung zu verbessern und Teilekosten zu senken.<\/p>\n<p>Hierf\u00fcr arbeiten wir eng mit unseren Kunden zusammen, um deren Schneidwerkzeuganwendung zu verstehen, eine Zeichnung der vorgeschlagenen Schneidwerkzeugl\u00f6sung zu erstellen und Testwerkzeuge zu fertigen, anhand derer wir die Leistung des Schneidwerkzeugs \u00fcberpr\u00fcfen.<\/p>\n<p>Wenn n\u00f6tig, unterziehen wir das Designkonzept internen Versuchen und stellen auf diese Weise sicher, dass die Schneidwerkzeuge den Anforderungen des Kunden entsprechen.<\/p>\n<\/div><\/div><\/div><\/div><\/div><\/div><script id=\"script-row-unique-1\" data-row=\"script-row-unique-1\" type=\"text\/javascript\" class=\"vc_controls\">UNCODE.initRow(document.getElementById(\"row-unique-1\"));<\/script><\/div><\/div><\/div><div data-parent=\"true\" class=\"vc_row style-color-wayh-bg row-container with-parallax\" id=\"row-unique-2\"><div class=\"row-background background-element\">\n\t\t\t\t\t\t\t\t\t\t\t<div class=\"background-wrapper\">\n\t\t\t\t\t\t\t\t\t\t\t\t<div class=\"background-inner\" style=\"background-image: url(https:\/\/facetprecision.com\/wp-content\/uploads\/2021\/10\/custom-tooling-taylor-made-praezisionswerkzeug-solidworks-1.jpg);background-repeat: no-repeat;background-position: center top;background-size: cover;\"><\/div>\n\t\t\t\t\t\t\t\t\t\t\t\t\n\t\t\t\t\t\t\t\t\t\t\t<\/div>\n\t\t\t\t\t\t\t\t\t\t<\/div><div class=\"row limit-width row-parent\" data-height-ratio=\"60\"><div class=\"wpb_row row-inner\"><div class=\"wpb_column pos-middle pos-center align_center column_parent col-lg-12 half-internal-gutter\"><div class=\"uncol style-dark\"  ><div class=\"uncoltable\" style=\"min-height: 380px;\"><div class=\"uncell\" ><div class=\"uncont no-block-padding col-custom-width\" style=\"max-width:900px;\"><\/div><\/div><\/div><\/div><\/div><script id=\"script-row-unique-2\" data-row=\"script-row-unique-2\" type=\"text\/javascript\" class=\"vc_controls\">UNCODE.initRow(document.getElementById(\"row-unique-2\"));<\/script><\/div><\/div><\/div>","protected":false},"excerpt":{"rendered":"WHAT WE DO WE USE ADVANCED PROCESSES TO CREATE THE BEST PCD TOOLING SOLUTIONSFACET Precision Tool GmbH designs, manufactures, repairs, [...]","protected":false},"author":1,"featured_media":0,"parent":0,"menu_order":0,"comment_status":"closed","ping_status":"closed","template":"","meta":{"footnotes":""},"class_list":["post-88583","page","type-page","status-publish","hentry"],"yoast_head":"<!-- This site is optimized with the Yoast SEO plugin v27.3 - https:\/\/yoast.com\/product\/yoast-seo-wordpress\/ -->\n<title>What We Do - FACET Precision Tool GmbH<\/title>\n<meta name=\"description\" content=\"Facet Precision Tool GmbH designs, manufactures, and repairs custom PCD, diamond coated, and carbide tools.\" \/>\n<meta name=\"robots\" content=\"index, follow, max-snippet:-1, max-image-preview:large, max-video-preview:-1\" \/>\n<link rel=\"canonical\" href=\"https:\/\/facetprecision.com\/de\/what-we-do\/\" \/>\n<meta property=\"og:locale\" content=\"de_DE\" \/>\n<meta property=\"og:type\" content=\"article\" \/>\n<meta property=\"og:title\" content=\"What We Do - FACET Precision Tool GmbH\" \/>\n<meta property=\"og:description\" content=\"Facet Precision Tool GmbH designs, manufactures, and repairs custom PCD, diamond coated, and carbide tools.\" \/>\n<meta property=\"og:url\" content=\"https:\/\/facetprecision.com\/de\/what-we-do\/\" \/>\n<meta property=\"og:site_name\" content=\"FACET Precision Tool GmbH\" \/>\n<meta property=\"article:modified_time\" content=\"2022-01-03T20:53:16+00:00\" \/>\n<meta property=\"og:image\" content=\"https:\/\/facetprecision.com\/wp-content\/uploads\/2021\/11\/5_Facet-87-v2.jpg\" \/>\n\t<meta property=\"og:image:width\" content=\"1775\" \/>\n\t<meta property=\"og:image:height\" content=\"1215\" \/>\n\t<meta property=\"og:image:type\" content=\"image\/jpeg\" \/>\n<meta name=\"twitter:card\" content=\"summary_large_image\" \/>\n<meta name=\"twitter:label1\" content=\"Gesch\u00e4tzte Lesezeit\" \/>\n\t<meta name=\"twitter:data1\" content=\"2\u00a0Minuten\" \/>\n<script type=\"application\/ld+json\" class=\"yoast-schema-graph\">{\"@context\":\"https:\\\/\\\/schema.org\",\"@graph\":[{\"@type\":\"WebPage\",\"@id\":\"https:\\\/\\\/facetprecision.com\\\/de\\\/what-we-do\\\/\",\"url\":\"https:\\\/\\\/facetprecision.com\\\/de\\\/what-we-do\\\/\",\"name\":\"What We Do - FACET Precision Tool GmbH\",\"isPartOf\":{\"@id\":\"https:\\\/\\\/facetprecision.com\\\/#website\"},\"datePublished\":\"2021-03-18T13:14:53+00:00\",\"dateModified\":\"2022-01-03T20:53:16+00:00\",\"description\":\"Facet Precision Tool GmbH designs, manufactures, and repairs custom PCD, diamond coated, and carbide tools.\",\"inLanguage\":\"de\",\"potentialAction\":[{\"@type\":\"ReadAction\",\"target\":[\"https:\\\/\\\/facetprecision.com\\\/de\\\/what-we-do\\\/\"]}]},{\"@type\":\"WebSite\",\"@id\":\"https:\\\/\\\/facetprecision.com\\\/#website\",\"url\":\"https:\\\/\\\/facetprecision.com\\\/\",\"name\":\"FACET Precision Tool GmbH\",\"description\":\"Custom PCD Tooling Solutions\",\"publisher\":{\"@id\":\"https:\\\/\\\/facetprecision.com\\\/#organization\"},\"potentialAction\":[{\"@type\":\"SearchAction\",\"target\":{\"@type\":\"EntryPoint\",\"urlTemplate\":\"https:\\\/\\\/facetprecision.com\\\/?s={search_term_string}\"},\"query-input\":{\"@type\":\"PropertyValueSpecification\",\"valueRequired\":true,\"valueName\":\"search_term_string\"}}],\"inLanguage\":\"de\"},{\"@type\":\"Organization\",\"@id\":\"https:\\\/\\\/facetprecision.com\\\/#organization\",\"name\":\"Facet Precision\",\"url\":\"https:\\\/\\\/facetprecision.com\\\/\",\"logo\":{\"@type\":\"ImageObject\",\"inLanguage\":\"de\",\"@id\":\"https:\\\/\\\/facetprecision.com\\\/#\\\/schema\\\/logo\\\/image\\\/\",\"url\":\"https:\\\/\\\/facetprecision.com\\\/wp-content\\\/uploads\\\/2021\\\/09\\\/logo.svg\",\"contentUrl\":\"https:\\\/\\\/facetprecision.com\\\/wp-content\\\/uploads\\\/2021\\\/09\\\/logo.svg\",\"width\":6507,\"height\":2549,\"caption\":\"Facet Precision\"},\"image\":{\"@id\":\"https:\\\/\\\/facetprecision.com\\\/#\\\/schema\\\/logo\\\/image\\\/\"}}]}<\/script>\n<!-- \/ Yoast SEO plugin. -->","yoast_head_json":{"title":"What We Do - FACET Precision Tool GmbH","description":"Facet Precision Tool GmbH designs, manufactures, and repairs custom PCD, diamond coated, and carbide tools.","robots":{"index":"index","follow":"follow","max-snippet":"max-snippet:-1","max-image-preview":"max-image-preview:large","max-video-preview":"max-video-preview:-1"},"canonical":"https:\/\/facetprecision.com\/de\/what-we-do\/","og_locale":"de_DE","og_type":"article","og_title":"What We Do - FACET Precision Tool GmbH","og_description":"Facet Precision Tool GmbH designs, manufactures, and repairs custom PCD, diamond coated, and carbide tools.","og_url":"https:\/\/facetprecision.com\/de\/what-we-do\/","og_site_name":"FACET Precision Tool GmbH","article_modified_time":"2022-01-03T20:53:16+00:00","og_image":[{"width":1775,"height":1215,"url":"https:\/\/facetprecision.com\/wp-content\/uploads\/2021\/11\/5_Facet-87-v2.jpg","type":"image\/jpeg"}],"twitter_card":"summary_large_image","twitter_misc":{"Gesch\u00e4tzte Lesezeit":"2\u00a0Minuten"},"schema":{"@context":"https:\/\/schema.org","@graph":[{"@type":"WebPage","@id":"https:\/\/facetprecision.com\/de\/what-we-do\/","url":"https:\/\/facetprecision.com\/de\/what-we-do\/","name":"What We Do - FACET Precision Tool GmbH","isPartOf":{"@id":"https:\/\/facetprecision.com\/#website"},"datePublished":"2021-03-18T13:14:53+00:00","dateModified":"2022-01-03T20:53:16+00:00","description":"Facet Precision Tool GmbH designs, manufactures, and repairs custom PCD, diamond coated, and carbide tools.","inLanguage":"de","potentialAction":[{"@type":"ReadAction","target":["https:\/\/facetprecision.com\/de\/what-we-do\/"]}]},{"@type":"WebSite","@id":"https:\/\/facetprecision.com\/#website","url":"https:\/\/facetprecision.com\/","name":"FACET Precision Tool GmbH","description":"Custom PCD Tooling Solutions","publisher":{"@id":"https:\/\/facetprecision.com\/#organization"},"potentialAction":[{"@type":"SearchAction","target":{"@type":"EntryPoint","urlTemplate":"https:\/\/facetprecision.com\/?s={search_term_string}"},"query-input":{"@type":"PropertyValueSpecification","valueRequired":true,"valueName":"search_term_string"}}],"inLanguage":"de"},{"@type":"Organization","@id":"https:\/\/facetprecision.com\/#organization","name":"Facet Precision","url":"https:\/\/facetprecision.com\/","logo":{"@type":"ImageObject","inLanguage":"de","@id":"https:\/\/facetprecision.com\/#\/schema\/logo\/image\/","url":"https:\/\/facetprecision.com\/wp-content\/uploads\/2021\/09\/logo.svg","contentUrl":"https:\/\/facetprecision.com\/wp-content\/uploads\/2021\/09\/logo.svg","width":6507,"height":2549,"caption":"Facet Precision"},"image":{"@id":"https:\/\/facetprecision.com\/#\/schema\/logo\/image\/"}}]}},"_links":{"self":[{"href":"https:\/\/facetprecision.com\/de\/wp-json\/wp\/v2\/pages\/88583","targetHints":{"allow":["GET"]}}],"collection":[{"href":"https:\/\/facetprecision.com\/de\/wp-json\/wp\/v2\/pages"}],"about":[{"href":"https:\/\/facetprecision.com\/de\/wp-json\/wp\/v2\/types\/page"}],"author":[{"embeddable":true,"href":"https:\/\/facetprecision.com\/de\/wp-json\/wp\/v2\/users\/1"}],"replies":[{"embeddable":true,"href":"https:\/\/facetprecision.com\/de\/wp-json\/wp\/v2\/comments?post=88583"}],"version-history":[{"count":12,"href":"https:\/\/facetprecision.com\/de\/wp-json\/wp\/v2\/pages\/88583\/revisions"}],"predecessor-version":[{"id":101221,"href":"https:\/\/facetprecision.com\/de\/wp-json\/wp\/v2\/pages\/88583\/revisions\/101221"}],"wp:attachment":[{"href":"https:\/\/facetprecision.com\/de\/wp-json\/wp\/v2\/media?parent=88583"}],"curies":[{"name":"wp","href":"https:\/\/api.w.org\/{rel}","templated":true}]}}