{"id":101090,"date":"2021-10-29T22:08:11","date_gmt":"2021-10-29T22:08:11","guid":{"rendered":"https:\/\/facetprecision.com\/?page_id=101090"},"modified":"2022-01-25T14:57:26","modified_gmt":"2022-01-25T14:57:26","slug":"improved-pcd-quality","status":"publish","type":"page","link":"https:\/\/facetprecision.com\/de\/improved-pcd-quality\/","title":{"rendered":"Improved PCD Quality"},"content":{"rendered":"<div data-parent=\"true\" class=\"vc_row style-color-wayh-bg row-container with-parallax\" id=\"row-unique-0\"><div class=\"row-background background-element\">\n\t\t\t\t\t\t\t\t\t\t\t<div class=\"background-wrapper\">\n\t\t\t\t\t\t\t\t\t\t\t\t<div class=\"background-inner\" style=\"background-image: url(https:\/\/facetprecision.com\/wp-content\/uploads\/2021\/10\/branchen.jpg);background-repeat: no-repeat;background-position: center top;background-size: cover;\"><\/div>\n\t\t\t\t\t\t\t\t\t\t\t\t<div class=\"block-bg-overlay style-color-wayh-bg\" style=\"opacity: 0.25;\"><\/div>\n\t\t\t\t\t\t\t\t\t\t\t<\/div>\n\t\t\t\t\t\t\t\t\t\t<\/div><div class=\"row limit-width row-parent\" data-height-ratio=\"66\"><div class=\"wpb_row row-inner\"><div class=\"wpb_column pos-middle pos-center align_center column_parent col-lg-12 half-internal-gutter\"><div class=\"uncol style-dark\"  ><div class=\"uncoltable\"><div class=\"uncell\" ><div class=\"uncont no-block-padding col-custom-width\" style=\"max-width:900px;\"><div class=\"vc_custom_heading_wrap\"><div class=\"heading-text el-text\" ><h1 class=\"font-242632 h1 text-uppercase\" ><span><span style=\"font-size: 56px !important;\">VERBESSERTE<br \/>PKD-QUALIT\u00c4T<\/span><\/span><\/h1><\/div><div class=\"clear\"><\/div><\/div><\/div><\/div><\/div><\/div><\/div><script id=\"script-row-unique-0\" data-row=\"script-row-unique-0\" type=\"text\/javascript\" class=\"vc_controls\">UNCODE.initRow(document.getElementById(\"row-unique-0\"));<\/script><\/div><\/div><\/div><div data-parent=\"true\" class=\"vc_row inverted-device-order style-color-lxmt-bg row-container\" id=\"row-unique-1\"><div class=\"row unequal col-double-gutter quad-top-padding quad-bottom-padding no-h-padding full-width row-parent\"><div class=\"wpb_row row-inner\"><div class=\"wpb_column pos-middle pos-right align_left column_parent col-lg-6 half-internal-gutter z_index_2\"><div class=\"uncol style-light\"  ><div class=\"uncoltable\"><div class=\"uncell double-block-padding\" ><div class=\"uncont\" style=\"max-width:456px;\"><div class=\"vc_custom_heading_wrap\"><div class=\"heading-text el-text\" ><h2 class=\"font-242632 text-accent-color\" ><span>MODERNSTE PKD-WERKSTOFFE<\/span><\/h2><\/div><div class=\"clear\"><\/div><\/div><div class=\"uncode_text_column\" ><p>Die Abriebfestigkeit ist nicht bei allen PKD-Materialien gleich. FACET Precision hat einen hochmodernen PKD-Werkstoff f\u00fcr verbesserte Stabilit\u00e4t und Verschlei\u00dffestigkeit entwickelt.<\/p>\n<p>Fotos der Verschlei\u00dfnarbe aus Versuchen, in denen unser neuer PKD-Werkstoff mit PKD der Konkurrenz verglichen wurde, zeigen deutlich die \u00fcberlegenen Eigenschaften des Materials von FACET Precision Tool. Dies erm\u00f6glicht eine bessere Leistung f\u00fcr unsere Kunden, sei es bei neuen PKD-Werkzeugen oder bei Werkzeugen, die mit unserem PKD repariert wurden.<\/p>\n<\/div><\/div><\/div><\/div><\/div><\/div><div class=\"wpb_column pos-top pos-center align_left column_parent col-lg-6 single-internal-gutter\"><div class=\"uncol style-light\"  ><div class=\"uncoltable\"><div class=\"uncell no-block-padding\" ><div class=\"uncont\"><div class=\"uncode-single-media  text-left\"><div class=\"single-wrapper\" style=\"max-width: 100%;\"><div class=\"tmb tmb-light  tmb-media-first tmb-media-last tmb-content-overlay tmb-no-bg\">\n\t\t\t\t\t\t<div class=\"t-inside\"><div class=\"t-entry-visual\"><div class=\"t-entry-visual-tc\"><div class=\"uncode-single-media-wrapper\">\n\t\t\t\t\t\t\t\t\t<img decoding=\"async\" class=\"wp-image-101166\" src=\"https:\/\/facetprecision.com\/wp-content\/uploads\/2021\/11\/pcd-comparison.jpg\" width=\"1200\" height=\"920\" alt=\"\" srcset=\"https:\/\/facetprecision.com\/wp-content\/uploads\/2021\/11\/pcd-comparison.jpg 1200w, https:\/\/facetprecision.com\/wp-content\/uploads\/2021\/11\/pcd-comparison-300x230.jpg 300w, https:\/\/facetprecision.com\/wp-content\/uploads\/2021\/11\/pcd-comparison-768x589.jpg 768w, https:\/\/facetprecision.com\/wp-content\/uploads\/2021\/11\/pcd-comparison-1024x785.jpg 1024w, https:\/\/facetprecision.com\/wp-content\/uploads\/2021\/11\/pcd-comparison-16x12.jpg 16w\" sizes=\"(max-width: 1200px) 100vw, 1200px\" \/><\/div>\n\t\t\t\t<\/div>\n\t\t\t<\/div><\/div>\n\t\t\t\t\t<\/div><\/div><\/div><\/div><\/div><\/div><\/div><\/div><script id=\"script-row-unique-1\" data-row=\"script-row-unique-1\" type=\"text\/javascript\" class=\"vc_controls\">UNCODE.initRow(document.getElementById(\"row-unique-1\"));<\/script><\/div><\/div><\/div>","protected":false},"excerpt":{"rendered":"IMPROVEDPCD QUALITYADVANCED PCD MATERIALNot all PCD material is equal in abrasion resistance. Facet Precision engineered an advanced PCD material for [...]","protected":false},"author":1,"featured_media":0,"parent":0,"menu_order":0,"comment_status":"closed","ping_status":"closed","template":"","meta":{"footnotes":""},"class_list":["post-101090","page","type-page","status-publish","hentry"],"yoast_head":"<!-- This site is optimized with the Yoast SEO plugin v27.3 - https:\/\/yoast.com\/product\/yoast-seo-wordpress\/ -->\n<title>Improved PCD Quality - FACET Precision Tool GmbH<\/title>\n<meta name=\"description\" content=\"Facet Precision engineered an advanced PCD material for improved strengthen and wear resistance.\" \/>\n<meta name=\"robots\" content=\"index, follow, max-snippet:-1, max-image-preview:large, max-video-preview:-1\" \/>\n<link rel=\"canonical\" href=\"https:\/\/facetprecision.com\/de\/improved-pcd-quality\/\" \/>\n<meta property=\"og:locale\" content=\"de_DE\" \/>\n<meta property=\"og:type\" content=\"article\" \/>\n<meta property=\"og:title\" content=\"Improved PCD Quality - FACET Precision Tool GmbH\" \/>\n<meta property=\"og:description\" content=\"Facet Precision engineered an advanced PCD material for improved strengthen and wear resistance.\" \/>\n<meta property=\"og:url\" content=\"https:\/\/facetprecision.com\/de\/improved-pcd-quality\/\" \/>\n<meta property=\"og:site_name\" content=\"FACET Precision Tool GmbH\" \/>\n<meta property=\"article:modified_time\" content=\"2022-01-25T14:57:26+00:00\" \/>\n<meta property=\"og:image\" content=\"https:\/\/facetprecision.com\/wp-content\/uploads\/2021\/11\/5_Facet-87-v2.jpg\" \/>\n\t<meta property=\"og:image:width\" content=\"1775\" \/>\n\t<meta property=\"og:image:height\" content=\"1215\" \/>\n\t<meta property=\"og:image:type\" content=\"image\/jpeg\" \/>\n<meta name=\"twitter:card\" content=\"summary_large_image\" \/>\n<meta name=\"twitter:label1\" content=\"Gesch\u00e4tzte Lesezeit\" \/>\n\t<meta name=\"twitter:data1\" content=\"2\u00a0Minuten\" \/>\n<script type=\"application\/ld+json\" class=\"yoast-schema-graph\">{\"@context\":\"https:\\\/\\\/schema.org\",\"@graph\":[{\"@type\":\"WebPage\",\"@id\":\"https:\\\/\\\/facetprecision.com\\\/improved-pcd-quality\\\/\",\"url\":\"https:\\\/\\\/facetprecision.com\\\/improved-pcd-quality\\\/\",\"name\":\"Improved PCD Quality - FACET Precision Tool GmbH\",\"isPartOf\":{\"@id\":\"https:\\\/\\\/facetprecision.com\\\/#website\"},\"datePublished\":\"2021-10-29T22:08:11+00:00\",\"dateModified\":\"2022-01-25T14:57:26+00:00\",\"description\":\"Facet Precision engineered an advanced PCD material for improved strengthen and wear resistance.\",\"inLanguage\":\"de\",\"potentialAction\":[{\"@type\":\"ReadAction\",\"target\":[\"https:\\\/\\\/facetprecision.com\\\/improved-pcd-quality\\\/\"]}]},{\"@type\":\"WebSite\",\"@id\":\"https:\\\/\\\/facetprecision.com\\\/#website\",\"url\":\"https:\\\/\\\/facetprecision.com\\\/\",\"name\":\"FACET Precision Tool GmbH\",\"description\":\"Custom PCD Tooling Solutions\",\"publisher\":{\"@id\":\"https:\\\/\\\/facetprecision.com\\\/#organization\"},\"potentialAction\":[{\"@type\":\"SearchAction\",\"target\":{\"@type\":\"EntryPoint\",\"urlTemplate\":\"https:\\\/\\\/facetprecision.com\\\/?s={search_term_string}\"},\"query-input\":{\"@type\":\"PropertyValueSpecification\",\"valueRequired\":true,\"valueName\":\"search_term_string\"}}],\"inLanguage\":\"de\"},{\"@type\":\"Organization\",\"@id\":\"https:\\\/\\\/facetprecision.com\\\/#organization\",\"name\":\"Facet Precision\",\"url\":\"https:\\\/\\\/facetprecision.com\\\/\",\"logo\":{\"@type\":\"ImageObject\",\"inLanguage\":\"de\",\"@id\":\"https:\\\/\\\/facetprecision.com\\\/#\\\/schema\\\/logo\\\/image\\\/\",\"url\":\"https:\\\/\\\/facetprecision.com\\\/wp-content\\\/uploads\\\/2021\\\/09\\\/logo.svg\",\"contentUrl\":\"https:\\\/\\\/facetprecision.com\\\/wp-content\\\/uploads\\\/2021\\\/09\\\/logo.svg\",\"width\":6507,\"height\":2549,\"caption\":\"Facet Precision\"},\"image\":{\"@id\":\"https:\\\/\\\/facetprecision.com\\\/#\\\/schema\\\/logo\\\/image\\\/\"}}]}<\/script>\n<!-- \/ Yoast SEO plugin. -->","yoast_head_json":{"title":"Improved PCD Quality - FACET Precision Tool GmbH","description":"Facet Precision engineered an advanced PCD material for improved strengthen and wear resistance.","robots":{"index":"index","follow":"follow","max-snippet":"max-snippet:-1","max-image-preview":"max-image-preview:large","max-video-preview":"max-video-preview:-1"},"canonical":"https:\/\/facetprecision.com\/de\/improved-pcd-quality\/","og_locale":"de_DE","og_type":"article","og_title":"Improved PCD Quality - FACET Precision Tool GmbH","og_description":"Facet Precision engineered an advanced PCD material for improved strengthen and wear resistance.","og_url":"https:\/\/facetprecision.com\/de\/improved-pcd-quality\/","og_site_name":"FACET Precision Tool GmbH","article_modified_time":"2022-01-25T14:57:26+00:00","og_image":[{"width":1775,"height":1215,"url":"https:\/\/facetprecision.com\/wp-content\/uploads\/2021\/11\/5_Facet-87-v2.jpg","type":"image\/jpeg"}],"twitter_card":"summary_large_image","twitter_misc":{"Gesch\u00e4tzte Lesezeit":"2\u00a0Minuten"},"schema":{"@context":"https:\/\/schema.org","@graph":[{"@type":"WebPage","@id":"https:\/\/facetprecision.com\/improved-pcd-quality\/","url":"https:\/\/facetprecision.com\/improved-pcd-quality\/","name":"Improved PCD Quality - FACET Precision Tool GmbH","isPartOf":{"@id":"https:\/\/facetprecision.com\/#website"},"datePublished":"2021-10-29T22:08:11+00:00","dateModified":"2022-01-25T14:57:26+00:00","description":"Facet Precision engineered an advanced PCD material for improved strengthen and wear resistance.","inLanguage":"de","potentialAction":[{"@type":"ReadAction","target":["https:\/\/facetprecision.com\/improved-pcd-quality\/"]}]},{"@type":"WebSite","@id":"https:\/\/facetprecision.com\/#website","url":"https:\/\/facetprecision.com\/","name":"FACET Precision Tool GmbH","description":"Custom PCD Tooling Solutions","publisher":{"@id":"https:\/\/facetprecision.com\/#organization"},"potentialAction":[{"@type":"SearchAction","target":{"@type":"EntryPoint","urlTemplate":"https:\/\/facetprecision.com\/?s={search_term_string}"},"query-input":{"@type":"PropertyValueSpecification","valueRequired":true,"valueName":"search_term_string"}}],"inLanguage":"de"},{"@type":"Organization","@id":"https:\/\/facetprecision.com\/#organization","name":"Facet Precision","url":"https:\/\/facetprecision.com\/","logo":{"@type":"ImageObject","inLanguage":"de","@id":"https:\/\/facetprecision.com\/#\/schema\/logo\/image\/","url":"https:\/\/facetprecision.com\/wp-content\/uploads\/2021\/09\/logo.svg","contentUrl":"https:\/\/facetprecision.com\/wp-content\/uploads\/2021\/09\/logo.svg","width":6507,"height":2549,"caption":"Facet Precision"},"image":{"@id":"https:\/\/facetprecision.com\/#\/schema\/logo\/image\/"}}]}},"_links":{"self":[{"href":"https:\/\/facetprecision.com\/de\/wp-json\/wp\/v2\/pages\/101090","targetHints":{"allow":["GET"]}}],"collection":[{"href":"https:\/\/facetprecision.com\/de\/wp-json\/wp\/v2\/pages"}],"about":[{"href":"https:\/\/facetprecision.com\/de\/wp-json\/wp\/v2\/types\/page"}],"author":[{"embeddable":true,"href":"https:\/\/facetprecision.com\/de\/wp-json\/wp\/v2\/users\/1"}],"replies":[{"embeddable":true,"href":"https:\/\/facetprecision.com\/de\/wp-json\/wp\/v2\/comments?post=101090"}],"version-history":[{"count":11,"href":"https:\/\/facetprecision.com\/de\/wp-json\/wp\/v2\/pages\/101090\/revisions"}],"predecessor-version":[{"id":101254,"href":"https:\/\/facetprecision.com\/de\/wp-json\/wp\/v2\/pages\/101090\/revisions\/101254"}],"wp:attachment":[{"href":"https:\/\/facetprecision.com\/de\/wp-json\/wp\/v2\/media?parent=101090"}],"curies":[{"name":"wp","href":"https:\/\/api.w.org\/{rel}","templated":true}]}}