{"id":101069,"date":"2021-10-29T21:10:25","date_gmt":"2021-10-29T21:10:25","guid":{"rendered":"https:\/\/facetprecision.com\/?page_id=101069"},"modified":"2022-01-23T16:08:11","modified_gmt":"2022-01-23T16:08:11","slug":"airframe-applications","status":"publish","type":"page","link":"https:\/\/facetprecision.com\/de\/airframe-applications\/","title":{"rendered":"Airframe Applications"},"content":{"rendered":"<div data-parent=\"true\" class=\"vc_row style-color-wayh-bg row-container with-parallax\" id=\"row-unique-0\"><div class=\"row-background background-element\">\n\t\t\t\t\t\t\t\t\t\t\t<div class=\"background-wrapper\">\n\t\t\t\t\t\t\t\t\t\t\t\t<div class=\"background-inner\" style=\"background-image: url(https:\/\/facetprecision.com\/wp-content\/uploads\/2021\/11\/5_Facet-87-v2.jpg);background-repeat: no-repeat;background-position: center center;background-size: cover;\"><\/div>\n\t\t\t\t\t\t\t\t\t\t\t\t<div class=\"block-bg-overlay style-color-wayh-bg\" style=\"opacity: 0.25;\"><\/div>\n\t\t\t\t\t\t\t\t\t\t\t<\/div>\n\t\t\t\t\t\t\t\t\t\t<\/div><div class=\"row limit-width row-parent\" data-height-ratio=\"70\"><div class=\"wpb_row row-inner\"><div class=\"wpb_column pos-middle pos-center align_center column_parent col-lg-12 half-internal-gutter\"><div class=\"uncol style-dark\"  ><div class=\"uncoltable\"><div class=\"uncell\" ><div class=\"uncont no-block-padding col-custom-width\" style=\"max-width:900px;\"><div class=\"vc_custom_heading_wrap\"><div class=\"heading-text el-text\" ><h1 class=\"font-242632 h1 text-uppercase\" ><span><span style=\"font-size: 56px !important;\">LUFTFAHRT-<br \/>ANWENDUNGEN<\/span><\/span><\/h1><\/div><div class=\"clear\"><\/div><\/div><\/div><\/div><\/div><\/div><\/div><script id=\"script-row-unique-0\" data-row=\"script-row-unique-0\" type=\"text\/javascript\" class=\"vc_controls\">UNCODE.initRow(document.getElementById(\"row-unique-0\"));<\/script><\/div><\/div><\/div><div data-parent=\"true\" class=\"vc_row style-color-gyho-bg row-container\" id=\"row-unique-1\"><div class=\"row unequal col-double-gutter quad-top-padding quad-bottom-padding no-h-padding full-width row-parent\"><div class=\"wpb_row row-inner\"><div class=\"wpb_column pos-top pos-center align_left column_parent col-lg-6 single-internal-gutter\"><div class=\"uncol style-light\"  ><div class=\"uncoltable\"><div class=\"uncell no-block-padding\" ><div class=\"uncont\"><div class=\"uncode-single-media  text-left\"><div class=\"single-wrapper\" style=\"max-width: 100%;\"><div class=\"tmb tmb-light  img-round tmb-shadowed tmb-shadowed-std tmb-img-ratio tmb-media-first tmb-media-last tmb-content-overlay tmb-no-bg\">\n\t\t\t\t\t\t<div class=\"t-inside\"><div class=\"t-entry-visual\"><div class=\"t-entry-visual-tc\"><div class=\"uncode-single-media-wrapper img-round\"><div class=\"dummy\" style=\"padding-top: 66.7%;\"><\/div>\n\t\t\t\t\t\t\t\t\t<img decoding=\"async\" class=\"wp-image-101179\" src=\"https:\/\/facetprecision.com\/wp-content\/uploads\/2021\/11\/pcd-carbide-drills-uai-1080x720.jpg\" width=\"1080\" height=\"720\" alt=\"\"><\/div>\n\t\t\t\t<\/div>\n\t\t\t<\/div><\/div>\n\t\t\t\t\t<\/div><\/div><\/div><\/div><\/div><\/div><\/div><\/div><div class=\"wpb_column pos-middle pos-left align_left column_parent col-lg-6 half-internal-gutter z_index_2\"><div class=\"uncol style-light\"  ><div class=\"uncoltable\"><div class=\"uncell double-block-padding\" ><div class=\"uncont\" style=\"max-width:456px;\"><div class=\"vc_custom_heading_wrap\"><div class=\"heading-text el-text\" ><h2 class=\"font-242632 text-accent-color\" ><span>KUNDENSPEZIFISCHE PKD- UND HARTMETALL-L\u00d6SUNGEN<\/span><\/h2><\/div><div class=\"clear\"><\/div><\/div><div class=\"uncode_text_column\" ><p>FACET Precision Tool hat viele einzigartige Zerspanungswerkzeuge f\u00fcr die Luftfahrtindustrie entwickelt und hergestellt, darunter Stufenbohrer aus Hartmetall, beschichtete Diamantfr\u00e4ser und PKD-Senker mit Hartmetallf\u00fchrung. Diese Werkzeuge wurden kundenspezifisch entwickelt und intern f\u00fcr CFK-Anwendungen erprobt, bevor sie in der Branche breite Akzeptanz fanden.<\/p>\n<\/div><\/div><\/div><\/div><\/div><\/div><script id=\"script-row-unique-1\" data-row=\"script-row-unique-1\" type=\"text\/javascript\" class=\"vc_controls\">UNCODE.initRow(document.getElementById(\"row-unique-1\"));<\/script><\/div><\/div><\/div>","protected":false},"excerpt":{"rendered":"AIRFRAMEAPPLICATIONS CUSTOM PCD AND CARBIDE SOLUTIONSFACET Precision Tool has designed and produced many unique cutting tools for the airframe industry [...]","protected":false},"author":1,"featured_media":0,"parent":0,"menu_order":0,"comment_status":"closed","ping_status":"closed","template":"","meta":{"footnotes":""},"class_list":["post-101069","page","type-page","status-publish","hentry"],"yoast_head":"<!-- This site is optimized with the Yoast SEO plugin v27.3 - https:\/\/yoast.com\/product\/yoast-seo-wordpress\/ -->\n<title>Airframe Applications - FACET Precision Tool GmbH<\/title>\n<meta name=\"description\" content=\"Facet Precision Tool has designed and produced many unique PCD cutting tools for the airframe industry and CFRP applications.\" \/>\n<meta name=\"robots\" content=\"index, follow, max-snippet:-1, max-image-preview:large, max-video-preview:-1\" \/>\n<link rel=\"canonical\" href=\"https:\/\/facetprecision.com\/de\/airframe-applications\/\" \/>\n<meta property=\"og:locale\" content=\"de_DE\" \/>\n<meta property=\"og:type\" content=\"article\" \/>\n<meta property=\"og:title\" content=\"Airframe Applications - FACET Precision Tool GmbH\" \/>\n<meta property=\"og:description\" content=\"Facet Precision Tool has designed and produced many unique PCD cutting tools for the airframe industry and CFRP applications.\" \/>\n<meta property=\"og:url\" content=\"https:\/\/facetprecision.com\/de\/airframe-applications\/\" \/>\n<meta property=\"og:site_name\" content=\"FACET Precision Tool GmbH\" \/>\n<meta property=\"article:modified_time\" content=\"2022-01-23T16:08:11+00:00\" \/>\n<meta property=\"og:image\" content=\"https:\/\/facetprecision.com\/wp-content\/uploads\/2021\/11\/5_Facet-87-v2.jpg\" \/>\n\t<meta property=\"og:image:width\" content=\"1775\" \/>\n\t<meta property=\"og:image:height\" content=\"1215\" \/>\n\t<meta property=\"og:image:type\" content=\"image\/jpeg\" \/>\n<meta name=\"twitter:card\" content=\"summary_large_image\" \/>\n<meta name=\"twitter:label1\" content=\"Gesch\u00e4tzte Lesezeit\" \/>\n\t<meta name=\"twitter:data1\" content=\"2\u00a0Minuten\" \/>\n<script type=\"application\/ld+json\" class=\"yoast-schema-graph\">{\"@context\":\"https:\\\/\\\/schema.org\",\"@graph\":[{\"@type\":\"WebPage\",\"@id\":\"https:\\\/\\\/facetprecision.com\\\/airframe-applications\\\/\",\"url\":\"https:\\\/\\\/facetprecision.com\\\/airframe-applications\\\/\",\"name\":\"Airframe Applications - FACET Precision Tool GmbH\",\"isPartOf\":{\"@id\":\"https:\\\/\\\/facetprecision.com\\\/#website\"},\"datePublished\":\"2021-10-29T21:10:25+00:00\",\"dateModified\":\"2022-01-23T16:08:11+00:00\",\"description\":\"Facet Precision Tool has designed and produced many unique PCD cutting tools for the airframe industry and CFRP applications.\",\"inLanguage\":\"de\",\"potentialAction\":[{\"@type\":\"ReadAction\",\"target\":[\"https:\\\/\\\/facetprecision.com\\\/airframe-applications\\\/\"]}]},{\"@type\":\"WebSite\",\"@id\":\"https:\\\/\\\/facetprecision.com\\\/#website\",\"url\":\"https:\\\/\\\/facetprecision.com\\\/\",\"name\":\"FACET Precision Tool GmbH\",\"description\":\"Custom PCD Tooling Solutions\",\"publisher\":{\"@id\":\"https:\\\/\\\/facetprecision.com\\\/#organization\"},\"potentialAction\":[{\"@type\":\"SearchAction\",\"target\":{\"@type\":\"EntryPoint\",\"urlTemplate\":\"https:\\\/\\\/facetprecision.com\\\/?s={search_term_string}\"},\"query-input\":{\"@type\":\"PropertyValueSpecification\",\"valueRequired\":true,\"valueName\":\"search_term_string\"}}],\"inLanguage\":\"de\"},{\"@type\":\"Organization\",\"@id\":\"https:\\\/\\\/facetprecision.com\\\/#organization\",\"name\":\"Facet Precision\",\"url\":\"https:\\\/\\\/facetprecision.com\\\/\",\"logo\":{\"@type\":\"ImageObject\",\"inLanguage\":\"de\",\"@id\":\"https:\\\/\\\/facetprecision.com\\\/#\\\/schema\\\/logo\\\/image\\\/\",\"url\":\"https:\\\/\\\/facetprecision.com\\\/wp-content\\\/uploads\\\/2021\\\/09\\\/logo.svg\",\"contentUrl\":\"https:\\\/\\\/facetprecision.com\\\/wp-content\\\/uploads\\\/2021\\\/09\\\/logo.svg\",\"width\":6507,\"height\":2549,\"caption\":\"Facet Precision\"},\"image\":{\"@id\":\"https:\\\/\\\/facetprecision.com\\\/#\\\/schema\\\/logo\\\/image\\\/\"}}]}<\/script>\n<!-- \/ Yoast SEO plugin. -->","yoast_head_json":{"title":"Airframe Applications - FACET Precision Tool GmbH","description":"Facet Precision Tool has designed and produced many unique PCD cutting tools for the airframe industry and CFRP applications.","robots":{"index":"index","follow":"follow","max-snippet":"max-snippet:-1","max-image-preview":"max-image-preview:large","max-video-preview":"max-video-preview:-1"},"canonical":"https:\/\/facetprecision.com\/de\/airframe-applications\/","og_locale":"de_DE","og_type":"article","og_title":"Airframe Applications - FACET Precision Tool GmbH","og_description":"Facet Precision Tool has designed and produced many unique PCD cutting tools for the airframe industry and CFRP applications.","og_url":"https:\/\/facetprecision.com\/de\/airframe-applications\/","og_site_name":"FACET Precision Tool GmbH","article_modified_time":"2022-01-23T16:08:11+00:00","og_image":[{"width":1775,"height":1215,"url":"https:\/\/facetprecision.com\/wp-content\/uploads\/2021\/11\/5_Facet-87-v2.jpg","type":"image\/jpeg"}],"twitter_card":"summary_large_image","twitter_misc":{"Gesch\u00e4tzte Lesezeit":"2\u00a0Minuten"},"schema":{"@context":"https:\/\/schema.org","@graph":[{"@type":"WebPage","@id":"https:\/\/facetprecision.com\/airframe-applications\/","url":"https:\/\/facetprecision.com\/airframe-applications\/","name":"Airframe Applications - FACET Precision Tool GmbH","isPartOf":{"@id":"https:\/\/facetprecision.com\/#website"},"datePublished":"2021-10-29T21:10:25+00:00","dateModified":"2022-01-23T16:08:11+00:00","description":"Facet Precision Tool has designed and produced many unique PCD cutting tools for the airframe industry and CFRP applications.","inLanguage":"de","potentialAction":[{"@type":"ReadAction","target":["https:\/\/facetprecision.com\/airframe-applications\/"]}]},{"@type":"WebSite","@id":"https:\/\/facetprecision.com\/#website","url":"https:\/\/facetprecision.com\/","name":"FACET Precision Tool GmbH","description":"Custom PCD Tooling Solutions","publisher":{"@id":"https:\/\/facetprecision.com\/#organization"},"potentialAction":[{"@type":"SearchAction","target":{"@type":"EntryPoint","urlTemplate":"https:\/\/facetprecision.com\/?s={search_term_string}"},"query-input":{"@type":"PropertyValueSpecification","valueRequired":true,"valueName":"search_term_string"}}],"inLanguage":"de"},{"@type":"Organization","@id":"https:\/\/facetprecision.com\/#organization","name":"Facet Precision","url":"https:\/\/facetprecision.com\/","logo":{"@type":"ImageObject","inLanguage":"de","@id":"https:\/\/facetprecision.com\/#\/schema\/logo\/image\/","url":"https:\/\/facetprecision.com\/wp-content\/uploads\/2021\/09\/logo.svg","contentUrl":"https:\/\/facetprecision.com\/wp-content\/uploads\/2021\/09\/logo.svg","width":6507,"height":2549,"caption":"Facet Precision"},"image":{"@id":"https:\/\/facetprecision.com\/#\/schema\/logo\/image\/"}}]}},"_links":{"self":[{"href":"https:\/\/facetprecision.com\/de\/wp-json\/wp\/v2\/pages\/101069","targetHints":{"allow":["GET"]}}],"collection":[{"href":"https:\/\/facetprecision.com\/de\/wp-json\/wp\/v2\/pages"}],"about":[{"href":"https:\/\/facetprecision.com\/de\/wp-json\/wp\/v2\/types\/page"}],"author":[{"embeddable":true,"href":"https:\/\/facetprecision.com\/de\/wp-json\/wp\/v2\/users\/1"}],"replies":[{"embeddable":true,"href":"https:\/\/facetprecision.com\/de\/wp-json\/wp\/v2\/comments?post=101069"}],"version-history":[{"count":11,"href":"https:\/\/facetprecision.com\/de\/wp-json\/wp\/v2\/pages\/101069\/revisions"}],"predecessor-version":[{"id":101240,"href":"https:\/\/facetprecision.com\/de\/wp-json\/wp\/v2\/pages\/101069\/revisions\/101240"}],"wp:attachment":[{"href":"https:\/\/facetprecision.com\/de\/wp-json\/wp\/v2\/media?parent=101069"}],"curies":[{"name":"wp","href":"https:\/\/api.w.org\/{rel}","templated":true}]}}