{"id":101052,"date":"2021-10-29T20:50:55","date_gmt":"2021-10-29T20:50:55","guid":{"rendered":"https:\/\/facetprecision.com\/?page_id=101052"},"modified":"2022-01-03T20:56:30","modified_gmt":"2022-01-03T20:56:30","slug":"custom-pcd-cutting-tools","status":"publish","type":"page","link":"https:\/\/facetprecision.com\/de\/custom-pcd-cutting-tools\/","title":{"rendered":"Custom PCD Cutting Tools"},"content":{"rendered":"<div data-parent=\"true\" class=\"vc_row style-color-wayh-bg row-container with-parallax\" id=\"row-unique-0\"><div class=\"row-background background-element\">\n\t\t\t\t\t\t\t\t\t\t\t<div class=\"background-wrapper\">\n\t\t\t\t\t\t\t\t\t\t\t\t<div class=\"background-inner\" style=\"background-image: url(https:\/\/facetprecision.com\/wp-content\/uploads\/2021\/11\/multi-step-tool-scaled.jpg);background-repeat: no-repeat;background-position: center center;background-size: cover;\"><\/div>\n\t\t\t\t\t\t\t\t\t\t\t\t<div class=\"block-bg-overlay style-color-wayh-bg\" style=\"opacity: 0.25;\"><\/div>\n\t\t\t\t\t\t\t\t\t\t\t<\/div>\n\t\t\t\t\t\t\t\t\t\t<\/div><div class=\"row limit-width row-parent\" data-height-ratio=\"66\"><div class=\"wpb_row row-inner\"><div class=\"wpb_column pos-middle pos-center align_center column_parent col-lg-12 half-internal-gutter\"><div class=\"uncol style-dark\"  ><div class=\"uncoltable\"><div class=\"uncell\" ><div class=\"uncont no-block-padding col-custom-width\" style=\"max-width:900px;\"><div class=\"vc_custom_heading_wrap\"><div class=\"heading-text el-text\" ><h1 class=\"font-242632 text-uppercase\" ><span><span style=\"font-size: 48px !important;\">PKD-<\/span><br \/><\/span><span><span style=\"font-size: 48px !important;\">\u00a0Sonderwerkzeuge<\/span><\/span><\/h1><\/div><div class=\"clear\"><\/div><\/div><\/div><\/div><\/div><\/div><\/div><script id=\"script-row-unique-0\" data-row=\"script-row-unique-0\" type=\"text\/javascript\" class=\"vc_controls\">UNCODE.initRow(document.getElementById(\"row-unique-0\"));<\/script><\/div><\/div><\/div><div data-parent=\"true\" class=\"vc_row row-container\" id=\"row-unique-1\"><div class=\"row unequal col-double-gutter quad-top-padding quad-bottom-padding no-h-padding full-width row-parent\"><div class=\"wpb_row row-inner\"><div class=\"wpb_column pos-top pos-center align_left column_parent col-lg-6 single-internal-gutter\"><div class=\"uncol style-light\"  ><div class=\"uncoltable\"><div class=\"uncell no-block-padding\" ><div class=\"uncont\"><div class=\"uncode-single-media  text-left\"><div class=\"single-wrapper\" style=\"max-width: 100%;\"><div class=\"tmb tmb-light  img-round tmb-shadowed tmb-shadowed-std tmb-img-ratio tmb-media-first tmb-media-last tmb-content-overlay tmb-no-bg\">\n\t\t\t\t\t\t<div class=\"t-inside\"><div class=\"t-entry-visual\"><div class=\"t-entry-visual-tc\"><div class=\"uncode-single-media-wrapper img-round\"><div class=\"dummy\" style=\"padding-top: 66.7%;\"><\/div>\n\t\t\t\t\t\t\t\t\t<img decoding=\"async\" class=\"wp-image-101026\" src=\"https:\/\/facetprecision.com\/wp-content\/uploads\/2021\/10\/custom-tooling-taylor-made-praezisionswerkzeug-solidworks-1-uai-1620x1080.jpg\" width=\"1620\" height=\"1080\" alt=\"\"><\/div>\n\t\t\t\t<\/div>\n\t\t\t<\/div><\/div>\n\t\t\t\t\t<\/div><\/div><\/div><\/div><\/div><\/div><\/div><\/div><div class=\"wpb_column pos-middle pos-left align_left column_parent col-lg-6 half-internal-gutter z_index_2\"><div class=\"uncol style-light\"  ><div class=\"uncoltable\"><div class=\"uncell double-block-padding\" ><div class=\"uncont\" style=\"max-width:456px;\"><div class=\"vc_custom_heading_wrap\"><div class=\"heading-text el-text\" ><h2 class=\"font-242632 text-accent-color\" ><span>WIR ARBEITEN ENG MIT UNSEREN KUNDEN ZUSAMMEN<\/span><\/h2><\/div><div class=\"clear\"><\/div><\/div><div class=\"uncode_text_column\" ><p>FACET Precision Tool verf\u00fcgt \u00fcber jahrzehntelange Erfahrung mit Sonderwerkzeugen, die es uns erm\u00f6glicht, kostensparende Verbesserungen in Ihren Fertigungsprozessen vorzunehmen.<\/p>\n<p>Die Entwicklung unserer Werkzeuge beginnt mit einem Gespr\u00e4ch mit unseren Kunden, um deren einzigartigen Anwendungsbedarf zu verstehen.<\/p>\n<p>Das Verst\u00e4ndnis der Anwendung kann in vielen F\u00e4llen die Kombination von Bearbeitungsvorg\u00e4ngen erm\u00f6glichen, den Werkzeugwechsel \u00fcberfl\u00fcssig machen, die Schnittvorsch\u00fcbe und -geschwindigkeiten erh\u00f6hen und damit die Zykluszeiten in den Fertigungsprozessen erheblich verk\u00fcrzen.<\/p>\n<\/div><\/div><\/div><\/div><\/div><\/div><script id=\"script-row-unique-1\" data-row=\"script-row-unique-1\" type=\"text\/javascript\" class=\"vc_controls\">UNCODE.initRow(document.getElementById(\"row-unique-1\"));<\/script><\/div><\/div><\/div><div data-parent=\"true\" class=\"vc_row inverted-device-order style-color-lxmt-bg row-container\" id=\"row-unique-2\"><div class=\"row unequal col-double-gutter quad-top-padding quad-bottom-padding no-h-padding full-width row-parent\"><div class=\"wpb_row row-inner\"><div class=\"wpb_column pos-middle pos-right align_left column_parent col-lg-6 half-internal-gutter z_index_2\"><div class=\"uncol style-light\"  ><div class=\"uncoltable\"><div class=\"uncell double-block-padding\" ><div class=\"uncont\" style=\"max-width:456px;\"><div class=\"vc_custom_heading_wrap\"><div class=\"heading-text el-text\" ><h2 class=\"font-242632 text-accent-color\" ><span>HAUSINTERNE VERSUCHE<\/span><\/h2><\/div><div class=\"clear\"><\/div><\/div><div class=\"uncode_text_column\" ><p>Die Entwicklung des richtigen Werkzeugs f\u00fcr eine Anwendung ist ein wesentlicher Bestandteil der Herstellung von Sonderwerkzeugen. Die hausinterne Pr\u00fcfung eines Entwurfs garantiert die Leistungsf\u00e4higkeit des Werkzeugs im kundenspezifischen Prozess.<\/p>\n<p>FACET Precision Tool nutzt seine umfassende Erfahrung in der Konstruktion von Schneidwerkzeugen, um zun\u00e4chst einen Prototyp zu entwickeln und diesen Entwurf, wenn m\u00f6glich, im eigenen Haus an den Werkstoffen des Kunden zu testen und so die ordnungsgem\u00e4\u00dfe Leistung des Schneidwerkzeugs zu gew\u00e4hrleisten.<\/p>\n<\/div><\/div><\/div><\/div><\/div><\/div><div class=\"wpb_column pos-top pos-center align_left column_parent col-lg-6 single-internal-gutter\"><div class=\"uncol style-light\"  ><div class=\"uncoltable\"><div class=\"uncell no-block-padding\" ><div class=\"uncont\"><div class=\"uncode-single-media  text-left\"><div class=\"single-wrapper\" style=\"max-width: 100%;\"><div class=\"tmb tmb-light  img-round tmb-shadowed tmb-shadowed-std tmb-img-ratio tmb-media-first tmb-media-last tmb-content-overlay tmb-no-bg\">\n\t\t\t\t\t\t<div class=\"t-inside\"><div class=\"t-entry-visual\"><div class=\"t-entry-visual-tc\"><div class=\"uncode-single-media-wrapper img-round\"><div class=\"dummy\" style=\"padding-top: 66.7%;\"><\/div>\n\t\t\t\t\t\t\t\t\t<img decoding=\"async\" class=\"wp-image-101055\" src=\"https:\/\/facetprecision.com\/wp-content\/uploads\/2021\/10\/pcd-rivit-countersink-composite-uai-1620x1080.jpg\" width=\"1620\" height=\"1080\" alt=\"\"><\/div>\n\t\t\t\t<\/div>\n\t\t\t<\/div><\/div>\n\t\t\t\t\t<\/div><\/div><\/div><\/div><\/div><\/div><\/div><\/div><script id=\"script-row-unique-2\" data-row=\"script-row-unique-2\" type=\"text\/javascript\" class=\"vc_controls\">UNCODE.initRow(document.getElementById(\"row-unique-2\"));<\/script><\/div><\/div><\/div><div data-parent=\"true\" class=\"vc_row row-container\" id=\"row-unique-3\"><div class=\"row unequal col-double-gutter quad-top-padding quad-bottom-padding no-h-padding full-width row-parent\"><div class=\"wpb_row row-inner\"><div class=\"wpb_column pos-top pos-center align_left column_parent col-lg-6 single-internal-gutter\"><div class=\"uncol style-light\"  ><div class=\"uncoltable\"><div class=\"uncell no-block-padding\" ><div class=\"uncont\"><div class=\"uncode-single-media  text-left\"><div class=\"single-wrapper\" style=\"max-width: 100%;\"><div class=\"tmb tmb-light  img-round tmb-shadowed tmb-shadowed-std tmb-img-ratio tmb-media-first tmb-media-last tmb-content-overlay tmb-no-bg\">\n\t\t\t\t\t\t<div class=\"t-inside\"><div class=\"t-entry-visual\"><div class=\"t-entry-visual-tc\"><div class=\"uncode-single-media-wrapper img-round\"><div class=\"dummy\" style=\"padding-top: 66.7%;\"><\/div>\n\t\t\t\t\t\t\t\t\t<img decoding=\"async\" class=\"wp-image-101056\" src=\"https:\/\/facetprecision.com\/wp-content\/uploads\/2021\/10\/cvd-endmill-cfrp-milling-cfk-fraesen-m21e-composite-uai-1620x1080.jpg\" width=\"1620\" height=\"1080\" alt=\"\"><\/div>\n\t\t\t\t<\/div>\n\t\t\t<\/div><\/div>\n\t\t\t\t\t<\/div><\/div><\/div><\/div><\/div><\/div><\/div><\/div><div class=\"wpb_column pos-middle pos-left align_left column_parent col-lg-6 half-internal-gutter z_index_2\"><div class=\"uncol style-light\"  ><div class=\"uncoltable\"><div class=\"uncell double-block-padding\" ><div class=\"uncont\" style=\"max-width:456px;\"><div class=\"vc_custom_heading_wrap\"><div class=\"heading-text el-text\" ><h2 class=\"font-242632 text-accent-color\" ><span>DAS RICHTIGE SCHNEIDWERKZEUG F\u00dcR DEN RICHTIGEN WERKSTOFF<\/span><\/h2><\/div><div class=\"clear\"><\/div><\/div><div class=\"uncode_text_column\" ><p>FACET Precision Tool verwendet f\u00fcr jede Anwendung den richtigen Schneidwerkstoff. Ganz gleich, ob die Anwendung PKD, Vollhartmetall oder eine Diamantbeschichtung erfordert - wir haben die Erfahrung und das Fachwissen, um das Werkzeug aus dem passenden Material zu entwickeln.<\/p>\n<\/div><\/div><\/div><\/div><\/div><\/div><script id=\"script-row-unique-3\" data-row=\"script-row-unique-3\" type=\"text\/javascript\" class=\"vc_controls\">UNCODE.initRow(document.getElementById(\"row-unique-3\"));<\/script><\/div><\/div><\/div>","protected":false},"excerpt":{"rendered":"CUSTOM PCDCUTTING TOOLS WE WORK CLOSELY WITH OUR CUSTOMERSFACET Precision Tool brings decades of experience in customizing cutting tools allowing [...]","protected":false},"author":1,"featured_media":0,"parent":0,"menu_order":0,"comment_status":"closed","ping_status":"closed","template":"","meta":{"footnotes":""},"class_list":["post-101052","page","type-page","status-publish","hentry"],"yoast_head":"<!-- This site is optimized with the Yoast SEO plugin v27.3 - https:\/\/yoast.com\/product\/yoast-seo-wordpress\/ -->\n<title>Custom PCD Cutting Tools - FACET Precision Tool GmbH<\/title>\n<meta name=\"description\" content=\"Facet Precision Tool brings decades of experience in customizing cutting tools allowing us to provide cost saving improvements.\" \/>\n<meta name=\"robots\" content=\"index, follow, max-snippet:-1, max-image-preview:large, max-video-preview:-1\" \/>\n<link rel=\"canonical\" href=\"https:\/\/facetprecision.com\/de\/custom-pcd-cutting-tools\/\" \/>\n<meta property=\"og:locale\" content=\"de_DE\" \/>\n<meta property=\"og:type\" content=\"article\" \/>\n<meta property=\"og:title\" content=\"Custom PCD Cutting Tools - FACET Precision Tool GmbH\" \/>\n<meta property=\"og:description\" content=\"Facet Precision Tool brings decades of experience in customizing cutting tools allowing us to provide cost saving improvements.\" \/>\n<meta property=\"og:url\" content=\"https:\/\/facetprecision.com\/de\/custom-pcd-cutting-tools\/\" \/>\n<meta property=\"og:site_name\" content=\"FACET Precision Tool GmbH\" \/>\n<meta property=\"article:modified_time\" content=\"2022-01-03T20:56:30+00:00\" \/>\n<meta property=\"og:image\" content=\"https:\/\/facetprecision.com\/wp-content\/uploads\/2021\/11\/5_Facet-87-v2.jpg\" \/>\n\t<meta property=\"og:image:width\" content=\"1775\" \/>\n\t<meta property=\"og:image:height\" content=\"1215\" \/>\n\t<meta property=\"og:image:type\" content=\"image\/jpeg\" \/>\n<meta name=\"twitter:card\" content=\"summary_large_image\" \/>\n<meta name=\"twitter:label1\" content=\"Gesch\u00e4tzte Lesezeit\" \/>\n\t<meta name=\"twitter:data1\" content=\"4\u00a0Minuten\" \/>\n<script type=\"application\/ld+json\" class=\"yoast-schema-graph\">{\"@context\":\"https:\\\/\\\/schema.org\",\"@graph\":[{\"@type\":\"WebPage\",\"@id\":\"https:\\\/\\\/facetprecision.com\\\/custom-pcd-cutting-tools\\\/\",\"url\":\"https:\\\/\\\/facetprecision.com\\\/custom-pcd-cutting-tools\\\/\",\"name\":\"Custom PCD Cutting Tools - FACET Precision Tool GmbH\",\"isPartOf\":{\"@id\":\"https:\\\/\\\/facetprecision.com\\\/#website\"},\"datePublished\":\"2021-10-29T20:50:55+00:00\",\"dateModified\":\"2022-01-03T20:56:30+00:00\",\"description\":\"Facet Precision Tool brings decades of experience in customizing cutting tools allowing us to provide cost saving improvements.\",\"inLanguage\":\"de\",\"potentialAction\":[{\"@type\":\"ReadAction\",\"target\":[\"https:\\\/\\\/facetprecision.com\\\/custom-pcd-cutting-tools\\\/\"]}]},{\"@type\":\"WebSite\",\"@id\":\"https:\\\/\\\/facetprecision.com\\\/#website\",\"url\":\"https:\\\/\\\/facetprecision.com\\\/\",\"name\":\"FACET Precision Tool GmbH\",\"description\":\"Custom PCD Tooling Solutions\",\"publisher\":{\"@id\":\"https:\\\/\\\/facetprecision.com\\\/#organization\"},\"potentialAction\":[{\"@type\":\"SearchAction\",\"target\":{\"@type\":\"EntryPoint\",\"urlTemplate\":\"https:\\\/\\\/facetprecision.com\\\/?s={search_term_string}\"},\"query-input\":{\"@type\":\"PropertyValueSpecification\",\"valueRequired\":true,\"valueName\":\"search_term_string\"}}],\"inLanguage\":\"de\"},{\"@type\":\"Organization\",\"@id\":\"https:\\\/\\\/facetprecision.com\\\/#organization\",\"name\":\"Facet Precision\",\"url\":\"https:\\\/\\\/facetprecision.com\\\/\",\"logo\":{\"@type\":\"ImageObject\",\"inLanguage\":\"de\",\"@id\":\"https:\\\/\\\/facetprecision.com\\\/#\\\/schema\\\/logo\\\/image\\\/\",\"url\":\"https:\\\/\\\/facetprecision.com\\\/wp-content\\\/uploads\\\/2021\\\/09\\\/logo.svg\",\"contentUrl\":\"https:\\\/\\\/facetprecision.com\\\/wp-content\\\/uploads\\\/2021\\\/09\\\/logo.svg\",\"width\":6507,\"height\":2549,\"caption\":\"Facet Precision\"},\"image\":{\"@id\":\"https:\\\/\\\/facetprecision.com\\\/#\\\/schema\\\/logo\\\/image\\\/\"}}]}<\/script>\n<!-- \/ Yoast SEO plugin. -->","yoast_head_json":{"title":"Custom PCD Cutting Tools - FACET Precision Tool GmbH","description":"Facet Precision Tool brings decades of experience in customizing cutting tools allowing us to provide cost saving improvements.","robots":{"index":"index","follow":"follow","max-snippet":"max-snippet:-1","max-image-preview":"max-image-preview:large","max-video-preview":"max-video-preview:-1"},"canonical":"https:\/\/facetprecision.com\/de\/custom-pcd-cutting-tools\/","og_locale":"de_DE","og_type":"article","og_title":"Custom PCD Cutting Tools - FACET Precision Tool GmbH","og_description":"Facet Precision Tool brings decades of experience in customizing cutting tools allowing us to provide cost saving improvements.","og_url":"https:\/\/facetprecision.com\/de\/custom-pcd-cutting-tools\/","og_site_name":"FACET Precision Tool GmbH","article_modified_time":"2022-01-03T20:56:30+00:00","og_image":[{"width":1775,"height":1215,"url":"https:\/\/facetprecision.com\/wp-content\/uploads\/2021\/11\/5_Facet-87-v2.jpg","type":"image\/jpeg"}],"twitter_card":"summary_large_image","twitter_misc":{"Gesch\u00e4tzte Lesezeit":"4\u00a0Minuten"},"schema":{"@context":"https:\/\/schema.org","@graph":[{"@type":"WebPage","@id":"https:\/\/facetprecision.com\/custom-pcd-cutting-tools\/","url":"https:\/\/facetprecision.com\/custom-pcd-cutting-tools\/","name":"Custom PCD Cutting Tools - FACET Precision Tool GmbH","isPartOf":{"@id":"https:\/\/facetprecision.com\/#website"},"datePublished":"2021-10-29T20:50:55+00:00","dateModified":"2022-01-03T20:56:30+00:00","description":"Facet Precision Tool brings decades of experience in customizing cutting tools allowing us to provide cost saving improvements.","inLanguage":"de","potentialAction":[{"@type":"ReadAction","target":["https:\/\/facetprecision.com\/custom-pcd-cutting-tools\/"]}]},{"@type":"WebSite","@id":"https:\/\/facetprecision.com\/#website","url":"https:\/\/facetprecision.com\/","name":"FACET Precision Tool GmbH","description":"Custom PCD Tooling Solutions","publisher":{"@id":"https:\/\/facetprecision.com\/#organization"},"potentialAction":[{"@type":"SearchAction","target":{"@type":"EntryPoint","urlTemplate":"https:\/\/facetprecision.com\/?s={search_term_string}"},"query-input":{"@type":"PropertyValueSpecification","valueRequired":true,"valueName":"search_term_string"}}],"inLanguage":"de"},{"@type":"Organization","@id":"https:\/\/facetprecision.com\/#organization","name":"Facet Precision","url":"https:\/\/facetprecision.com\/","logo":{"@type":"ImageObject","inLanguage":"de","@id":"https:\/\/facetprecision.com\/#\/schema\/logo\/image\/","url":"https:\/\/facetprecision.com\/wp-content\/uploads\/2021\/09\/logo.svg","contentUrl":"https:\/\/facetprecision.com\/wp-content\/uploads\/2021\/09\/logo.svg","width":6507,"height":2549,"caption":"Facet Precision"},"image":{"@id":"https:\/\/facetprecision.com\/#\/schema\/logo\/image\/"}}]}},"_links":{"self":[{"href":"https:\/\/facetprecision.com\/de\/wp-json\/wp\/v2\/pages\/101052","targetHints":{"allow":["GET"]}}],"collection":[{"href":"https:\/\/facetprecision.com\/de\/wp-json\/wp\/v2\/pages"}],"about":[{"href":"https:\/\/facetprecision.com\/de\/wp-json\/wp\/v2\/types\/page"}],"author":[{"embeddable":true,"href":"https:\/\/facetprecision.com\/de\/wp-json\/wp\/v2\/users\/1"}],"replies":[{"embeddable":true,"href":"https:\/\/facetprecision.com\/de\/wp-json\/wp\/v2\/comments?post=101052"}],"version-history":[{"count":11,"href":"https:\/\/facetprecision.com\/de\/wp-json\/wp\/v2\/pages\/101052\/revisions"}],"predecessor-version":[{"id":101223,"href":"https:\/\/facetprecision.com\/de\/wp-json\/wp\/v2\/pages\/101052\/revisions\/101223"}],"wp:attachment":[{"href":"https:\/\/facetprecision.com\/de\/wp-json\/wp\/v2\/media?parent=101052"}],"curies":[{"name":"wp","href":"https:\/\/api.w.org\/{rel}","templated":true}]}}